{"id":69,"date":"2020-01-27T08:05:29","date_gmt":"2020-01-27T08:05:29","guid":{"rendered":"https:\/\/demosites.io\/web-agency-gb\/?page_id=69"},"modified":"2025-10-08T16:34:28","modified_gmt":"2025-10-08T16:34:28","slug":"mlini","status":"publish","type":"page","link":"http:\/\/www.cnc-reciklaza.eu\/index.php\/mlini\/","title":{"rendered":"Mlini"},"content":{"rendered":"\n<div class=\"wp-block-cover alignfull\" style=\"min-height:156px;aspect-ratio:unset;\"><span aria-hidden=\"true\" class=\"wp-block-cover__background has-nv-site-bg-background-color has-background-dim-100 has-background-dim\"><\/span><div class=\"wp-block-cover__inner-container is-layout-flow wp-block-cover-is-layout-flow\">\n<div class=\"wp-block-group\"><div class=\"wp-block-group__inner-container is-layout-flow wp-block-group-is-layout-flow\">\n<h1 class=\"wp-block-heading has-text-align-left has-neve-text-color-color has-text-color\">Mlini za stiropor in PET embala\u017eo<\/h1>\n<\/div><\/div>\n<\/div><\/div>\n\n\n\n<div class=\"wp-block-cover alignfull\"><span aria-hidden=\"true\" class=\"wp-block-cover__background has-nv-light-bg-background-color has-background-dim-100 has-background-dim\"><\/span><div class=\"wp-block-cover__inner-container is-layout-flow wp-block-cover-is-layout-flow\">\n<div style=\"height:6px\" aria-hidden=\"true\" class=\"wp-block-spacer\"><\/div>\n\n\n\n<figure class=\"wp-block-image size-full\"><img data-opt-id=1433704430  fetchpriority=\"high\" decoding=\"async\" width=\"2560\" height=\"930\" src=\"https:\/\/ml5wpwc5trql.i.optimole.com\/w:auto\/h:auto\/q:mauto\/ig:avif\/http:\/\/www.cnc-reciklaza.eu\/wp-content\/uploads\/2025\/10\/slika-mlin-1-scaled-e1759336122697.jpg\" alt=\"\" class=\"wp-image-545\" srcset=\"https:\/\/ml5wpwc5trql.i.optimole.com\/w:1920\/h:697\/q:mauto\/ig:avif\/http:\/\/www.cnc-reciklaza.eu\/wp-content\/uploads\/2025\/10\/slika-mlin-1-scaled-e1759336122697.jpg 2560w, https:\/\/ml5wpwc5trql.i.optimole.com\/w:300\/h:109\/q:mauto\/ig:avif\/http:\/\/www.cnc-reciklaza.eu\/wp-content\/uploads\/2025\/10\/slika-mlin-1-scaled-e1759336122697.jpg 300w, https:\/\/ml5wpwc5trql.i.optimole.com\/w:1024\/h:372\/q:mauto\/ig:avif\/http:\/\/www.cnc-reciklaza.eu\/wp-content\/uploads\/2025\/10\/slika-mlin-1-scaled-e1759336122697.jpg 1024w, https:\/\/ml5wpwc5trql.i.optimole.com\/w:768\/h:279\/q:mauto\/ig:avif\/http:\/\/www.cnc-reciklaza.eu\/wp-content\/uploads\/2025\/10\/slika-mlin-1-scaled-e1759336122697.jpg 768w, https:\/\/ml5wpwc5trql.i.optimole.com\/w:1536\/h:558\/q:mauto\/ig:avif\/http:\/\/www.cnc-reciklaza.eu\/wp-content\/uploads\/2025\/10\/slika-mlin-1-scaled-e1759336122697.jpg 1536w, https:\/\/ml5wpwc5trql.i.optimole.com\/w:1920\/h:697\/q:mauto\/ig:avif\/http:\/\/www.cnc-reciklaza.eu\/wp-content\/uploads\/2025\/10\/slika-mlin-1-scaled-e1759336122697.jpg 2048w\" sizes=\"(max-width: 1200px) 100vw, 1200px\" \/><\/figure>\n\n\n\n<div style=\"height:25px\" aria-hidden=\"true\" class=\"wp-block-spacer\"><\/div>\n\n\n\n<div class=\"wp-block-group\"><div class=\"wp-block-group__inner-container is-layout-flow wp-block-group-is-layout-flow\">\n<div class=\"wp-block-columns are-vertically-aligned-center is-layout-flex wp-container-core-columns-is-layout-9d6595d7 wp-block-columns-is-layout-flex\">\n<div class=\"wp-block-column is-vertically-aligned-center has-background is-layout-flow wp-block-column-is-layout-flow\" style=\"border-radius:19px;background-color:#d9d9d9;flex-basis:50%\">\n<div style=\"height:17px\" aria-hidden=\"true\" class=\"wp-block-spacer\"><\/div>\n\n\n\n<h3 class=\"wp-block-heading has-text-align-center has-neve-link-hover-color-color has-text-color has-large-font-size\">Mlini za PET embala\u017eo<\/h3>\n\n\n\n<p class=\"has-text-align-center has-neve-text-color-color has-text-color\">NOVO! Brez napora in umazanije lahko zmeljete veliko koli\u010dino PET plastenk v zelo kratkem \u010dasu. Izbirate lahko razli\u010dne mo\u010di in tipe motorjev<\/p>\n\n\n\n<div class=\"wp-block-buttons is-content-justification-center is-layout-flex wp-container-core-buttons-is-layout-16018d1d wp-block-buttons-is-layout-flex\">\n<div class=\"wp-block-button is-style-primary\"><a class=\"wp-block-button__link wp-element-button\" href=\"http:\/\/www.cnc-reciklaza.eu\/index.php\/mliniPET\">Preberi ve\u010d&#8230;<\/a><\/div>\n<\/div>\n\n\n\n<div style=\"height:40px\" aria-hidden=\"true\" class=\"wp-block-spacer\"><\/div>\n<\/div>\n\n\n\n<div class=\"wp-block-column is-vertically-aligned-center has-background is-layout-flow wp-block-column-is-layout-flow\" style=\"border-radius:19px;background-color:#d9d9d9;flex-basis:50%\">\n<div style=\"height:17px\" aria-hidden=\"true\" class=\"wp-block-spacer\"><\/div>\n\n\n\n<h3 class=\"wp-block-heading has-text-align-center has-neve-link-hover-color-color has-text-color has-large-font-size\">Mlini za stiropor<\/h3>\n\n\n\n<p class=\"has-text-align-center has-neve-text-color-color has-text-color\">Inovativni mlin za stiropor vam brez te\u017eav zmelje odpadni stiropor v granule in s tem zelo zmanj\u0161a volumen samih odpadkov.<br> <br><\/p>\n\n\n\n<div class=\"wp-block-buttons is-content-justification-center is-layout-flex wp-container-core-buttons-is-layout-16018d1d wp-block-buttons-is-layout-flex\">\n<div class=\"wp-block-button is-style-primary\"><a class=\"wp-block-button__link wp-element-button\" href=\"http:\/\/www.cnc-reciklaza.eu\/index.php\/mlinistiro\">Preberi ve\u010d&#8230;<\/a><\/div>\n<\/div>\n\n\n\n<div style=\"height:40px\" aria-hidden=\"true\" class=\"wp-block-spacer\"><\/div>\n<\/div>\n<\/div>\n<\/div><\/div>\n<\/div><\/div>\n\n\n\n<div class=\"wp-block-cover alignfull\" style=\"min-height:60px;aspect-ratio:unset;\"><span aria-hidden=\"true\" class=\"wp-block-cover__background has-nv-dark-bg-background-color has-background-dim-100 has-background-dim\"><\/span><div class=\"wp-block-cover__inner-container is-layout-flow wp-block-cover-is-layout-flow\">\n<p class=\"has-text-align-center has-nv-text-dark-bg-color has-text-color\"><\/p>\n<\/div><\/div>\n","protected":false},"excerpt":{"rendered":"","protected":false},"author":1,"featured_media":0,"parent":0,"menu_order":0,"comment_status":"closed","ping_status":"closed","template":"","meta":{"neve_meta_sidebar":"full-width","neve_meta_container":"","neve_meta_enable_content_width":"on","neve_meta_content_width":100,"neve_meta_title_alignment":"","neve_meta_author_avatar":"","neve_post_elements_order":"","neve_meta_disable_header":"","neve_meta_disable_footer":"","neve_meta_disable_title":"on","_themeisle_gutenberg_block_has_review":false,"footnotes":""},"class_list":["post-69","page","type-page","status-publish","hentry"],"yoast_head":"<!-- This site is optimized with the Yoast SEO plugin v26.1.1 - https:\/\/yoast.com\/wordpress\/plugins\/seo\/ -->\n<title>Mlini - CNC rezalniki na vro\u010do \u017eico in stroji za mletje stiroporja in PET plastenk<\/title>\n<meta name=\"robots\" content=\"index, follow, max-snippet:-1, max-image-preview:large, max-video-preview:-1\" \/>\n<link rel=\"canonical\" href=\"http:\/\/www.cnc-reciklaza.eu\/index.php\/mlini\/\" \/>\n<meta property=\"og:locale\" content=\"en_US\" \/>\n<meta property=\"og:type\" content=\"article\" \/>\n<meta property=\"og:title\" content=\"Mlini - CNC rezalniki na vro\u010do \u017eico in stroji za mletje stiroporja in PET plastenk\" \/>\n<meta property=\"og:url\" content=\"http:\/\/www.cnc-reciklaza.eu\/index.php\/mlini\/\" \/>\n<meta property=\"og:site_name\" content=\"CNC rezalniki na vro\u010do \u017eico in stroji za mletje stiroporja in PET plastenk\" \/>\n<meta property=\"article:publisher\" content=\"https:\/\/www.facebook.com\/Cncrezalnikizastiropor\" \/>\n<meta property=\"article:modified_time\" content=\"2025-10-08T16:34:28+00:00\" \/>\n<meta property=\"og:image\" content=\"https:\/\/ml5wpwc5trql.i.optimole.com\/w:auto\/h:auto\/q:mauto\/ig:avif\/http:\/\/www.cnc-reciklaza.eu\/wp-content\/uploads\/2025\/10\/slika-mlin-1-scaled-e1759336122697.jpg\" \/>\n<meta name=\"twitter:card\" content=\"summary_large_image\" \/>\n<meta name=\"twitter:label1\" content=\"Est. reading time\" \/>\n\t<meta name=\"twitter:data1\" content=\"1 minute\" \/>\n<script type=\"application\/ld+json\" class=\"yoast-schema-graph\">{\"@context\":\"https:\/\/schema.org\",\"@graph\":[{\"@type\":\"WebPage\",\"@id\":\"http:\/\/www.cnc-reciklaza.eu\/index.php\/mlini\/\",\"url\":\"http:\/\/www.cnc-reciklaza.eu\/index.php\/mlini\/\",\"name\":\"Mlini - CNC rezalniki na vro\u010do \u017eico in stroji za mletje stiroporja in PET plastenk\",\"isPartOf\":{\"@id\":\"https:\/\/www.cnc-reciklaza.eu\/#website\"},\"primaryImageOfPage\":{\"@id\":\"http:\/\/www.cnc-reciklaza.eu\/index.php\/mlini\/#primaryimage\"},\"image\":{\"@id\":\"http:\/\/www.cnc-reciklaza.eu\/index.php\/mlini\/#primaryimage\"},\"thumbnailUrl\":\"https:\/\/ml5wpwc5trql.i.optimole.com\/w:auto\/h:auto\/q:mauto\/ig:avif\/http:\/\/www.cnc-reciklaza.eu\/wp-content\/uploads\/2025\/10\/slika-mlin-1-scaled-e1759336122697.jpg\",\"datePublished\":\"2020-01-27T08:05:29+00:00\",\"dateModified\":\"2025-10-08T16:34:28+00:00\",\"breadcrumb\":{\"@id\":\"http:\/\/www.cnc-reciklaza.eu\/index.php\/mlini\/#breadcrumb\"},\"inLanguage\":\"en\",\"potentialAction\":[{\"@type\":\"ReadAction\",\"target\":[\"http:\/\/www.cnc-reciklaza.eu\/index.php\/mlini\/\"]}]},{\"@type\":\"ImageObject\",\"inLanguage\":\"en\",\"@id\":\"http:\/\/www.cnc-reciklaza.eu\/index.php\/mlini\/#primaryimage\",\"url\":\"https:\/\/ml5wpwc5trql.i.optimole.com\/w:auto\/h:auto\/q:mauto\/ig:avif\/http:\/\/www.cnc-reciklaza.eu\/wp-content\/uploads\/2025\/10\/slika-mlin-1-scaled-e1759336122697.jpg\",\"contentUrl\":\"https:\/\/ml5wpwc5trql.i.optimole.com\/w:auto\/h:auto\/q:mauto\/ig:avif\/http:\/\/www.cnc-reciklaza.eu\/wp-content\/uploads\/2025\/10\/slika-mlin-1-scaled-e1759336122697.jpg\",\"width\":2560,\"height\":930},{\"@type\":\"BreadcrumbList\",\"@id\":\"http:\/\/www.cnc-reciklaza.eu\/index.php\/mlini\/#breadcrumb\",\"itemListElement\":[{\"@type\":\"ListItem\",\"position\":1,\"name\":\"Home\",\"item\":\"https:\/\/www.cnc-reciklaza.eu\/\"},{\"@type\":\"ListItem\",\"position\":2,\"name\":\"Mlini\"}]},{\"@type\":\"WebSite\",\"@id\":\"https:\/\/www.cnc-reciklaza.eu\/#website\",\"url\":\"https:\/\/www.cnc-reciklaza.eu\/\",\"name\":\"CNC rezalniki na vro\u010do \u017eico in stroji za mletje stiroporja in PET plastenk\",\"description\":\"CNC rezalniki na vro\u010do \u017eico in stroji za mletje stiroporja in PET plastenk\",\"publisher\":{\"@id\":\"https:\/\/www.cnc-reciklaza.eu\/#organization\"},\"potentialAction\":[{\"@type\":\"SearchAction\",\"target\":{\"@type\":\"EntryPoint\",\"urlTemplate\":\"https:\/\/www.cnc-reciklaza.eu\/?s={search_term_string}\"},\"query-input\":{\"@type\":\"PropertyValueSpecification\",\"valueRequired\":true,\"valueName\":\"search_term_string\"}}],\"inLanguage\":\"en\"},{\"@type\":\"Organization\",\"@id\":\"https:\/\/www.cnc-reciklaza.eu\/#organization\",\"name\":\"CNC rezalniki na vro\u010do \u017eico in stroji za mletje stiroporja in PET plastenk\",\"url\":\"https:\/\/www.cnc-reciklaza.eu\/\",\"logo\":{\"@type\":\"ImageObject\",\"inLanguage\":\"en\",\"@id\":\"https:\/\/www.cnc-reciklaza.eu\/#\/schema\/logo\/image\/\",\"url\":\"https:\/\/ml5wpwc5trql.i.optimole.com\/w:auto\/h:auto\/q:mauto\/ig:avif\/http:\/\/www.cnc-reciklaza.eu\/wp-content\/uploads\/2025\/09\/logo_reciklaza.png\",\"contentUrl\":\"https:\/\/ml5wpwc5trql.i.optimole.com\/w:auto\/h:auto\/q:mauto\/ig:avif\/http:\/\/www.cnc-reciklaza.eu\/wp-content\/uploads\/2025\/09\/logo_reciklaza.png\",\"width\":574,\"height\":202,\"caption\":\"CNC rezalniki na vro\u010do \u017eico in stroji za mletje stiroporja in PET plastenk\"},\"image\":{\"@id\":\"https:\/\/www.cnc-reciklaza.eu\/#\/schema\/logo\/image\/\"},\"sameAs\":[\"https:\/\/www.facebook.com\/Cncrezalnikizastiropor\"]}]}<\/script>\n<!-- \/ Yoast SEO plugin. -->","yoast_head_json":{"title":"Mlini - CNC rezalniki na vro\u010do \u017eico in stroji za mletje stiroporja in PET plastenk","robots":{"index":"index","follow":"follow","max-snippet":"max-snippet:-1","max-image-preview":"max-image-preview:large","max-video-preview":"max-video-preview:-1"},"canonical":"http:\/\/www.cnc-reciklaza.eu\/index.php\/mlini\/","og_locale":"en_US","og_type":"article","og_title":"Mlini - CNC rezalniki na vro\u010do \u017eico in stroji za mletje stiroporja in PET plastenk","og_url":"http:\/\/www.cnc-reciklaza.eu\/index.php\/mlini\/","og_site_name":"CNC rezalniki na vro\u010do \u017eico in stroji za mletje stiroporja in PET plastenk","article_publisher":"https:\/\/www.facebook.com\/Cncrezalnikizastiropor","article_modified_time":"2025-10-08T16:34:28+00:00","og_image":[{"url":"https:\/\/ml5wpwc5trql.i.optimole.com\/w:auto\/h:auto\/q:mauto\/ig:avif\/http:\/\/www.cnc-reciklaza.eu\/wp-content\/uploads\/2025\/10\/slika-mlin-1-scaled-e1759336122697.jpg","type":"","width":"","height":""}],"twitter_card":"summary_large_image","twitter_misc":{"Est. reading time":"1 minute"},"schema":{"@context":"https:\/\/schema.org","@graph":[{"@type":"WebPage","@id":"http:\/\/www.cnc-reciklaza.eu\/index.php\/mlini\/","url":"http:\/\/www.cnc-reciklaza.eu\/index.php\/mlini\/","name":"Mlini - CNC rezalniki na vro\u010do \u017eico in stroji za mletje stiroporja in PET plastenk","isPartOf":{"@id":"https:\/\/www.cnc-reciklaza.eu\/#website"},"primaryImageOfPage":{"@id":"http:\/\/www.cnc-reciklaza.eu\/index.php\/mlini\/#primaryimage"},"image":{"@id":"http:\/\/www.cnc-reciklaza.eu\/index.php\/mlini\/#primaryimage"},"thumbnailUrl":"https:\/\/ml5wpwc5trql.i.optimole.com\/w:auto\/h:auto\/q:mauto\/ig:avif\/http:\/\/www.cnc-reciklaza.eu\/wp-content\/uploads\/2025\/10\/slika-mlin-1-scaled-e1759336122697.jpg","datePublished":"2020-01-27T08:05:29+00:00","dateModified":"2025-10-08T16:34:28+00:00","breadcrumb":{"@id":"http:\/\/www.cnc-reciklaza.eu\/index.php\/mlini\/#breadcrumb"},"inLanguage":"en","potentialAction":[{"@type":"ReadAction","target":["http:\/\/www.cnc-reciklaza.eu\/index.php\/mlini\/"]}]},{"@type":"ImageObject","inLanguage":"en","@id":"http:\/\/www.cnc-reciklaza.eu\/index.php\/mlini\/#primaryimage","url":"https:\/\/ml5wpwc5trql.i.optimole.com\/w:auto\/h:auto\/q:mauto\/ig:avif\/http:\/\/www.cnc-reciklaza.eu\/wp-content\/uploads\/2025\/10\/slika-mlin-1-scaled-e1759336122697.jpg","contentUrl":"https:\/\/ml5wpwc5trql.i.optimole.com\/w:auto\/h:auto\/q:mauto\/ig:avif\/http:\/\/www.cnc-reciklaza.eu\/wp-content\/uploads\/2025\/10\/slika-mlin-1-scaled-e1759336122697.jpg","width":2560,"height":930},{"@type":"BreadcrumbList","@id":"http:\/\/www.cnc-reciklaza.eu\/index.php\/mlini\/#breadcrumb","itemListElement":[{"@type":"ListItem","position":1,"name":"Home","item":"https:\/\/www.cnc-reciklaza.eu\/"},{"@type":"ListItem","position":2,"name":"Mlini"}]},{"@type":"WebSite","@id":"https:\/\/www.cnc-reciklaza.eu\/#website","url":"https:\/\/www.cnc-reciklaza.eu\/","name":"CNC rezalniki na vro\u010do \u017eico in stroji za mletje stiroporja in PET plastenk","description":"CNC rezalniki na vro\u010do \u017eico in stroji za mletje stiroporja in PET plastenk","publisher":{"@id":"https:\/\/www.cnc-reciklaza.eu\/#organization"},"potentialAction":[{"@type":"SearchAction","target":{"@type":"EntryPoint","urlTemplate":"https:\/\/www.cnc-reciklaza.eu\/?s={search_term_string}"},"query-input":{"@type":"PropertyValueSpecification","valueRequired":true,"valueName":"search_term_string"}}],"inLanguage":"en"},{"@type":"Organization","@id":"https:\/\/www.cnc-reciklaza.eu\/#organization","name":"CNC rezalniki na vro\u010do \u017eico in stroji za mletje stiroporja in PET plastenk","url":"https:\/\/www.cnc-reciklaza.eu\/","logo":{"@type":"ImageObject","inLanguage":"en","@id":"https:\/\/www.cnc-reciklaza.eu\/#\/schema\/logo\/image\/","url":"https:\/\/ml5wpwc5trql.i.optimole.com\/w:auto\/h:auto\/q:mauto\/ig:avif\/http:\/\/www.cnc-reciklaza.eu\/wp-content\/uploads\/2025\/09\/logo_reciklaza.png","contentUrl":"https:\/\/ml5wpwc5trql.i.optimole.com\/w:auto\/h:auto\/q:mauto\/ig:avif\/http:\/\/www.cnc-reciklaza.eu\/wp-content\/uploads\/2025\/09\/logo_reciklaza.png","width":574,"height":202,"caption":"CNC rezalniki na vro\u010do \u017eico in stroji za mletje stiroporja in PET plastenk"},"image":{"@id":"https:\/\/www.cnc-reciklaza.eu\/#\/schema\/logo\/image\/"},"sameAs":["https:\/\/www.facebook.com\/Cncrezalnikizastiropor"]}]}},"_links":{"self":[{"href":"http:\/\/www.cnc-reciklaza.eu\/index.php\/wp-json\/wp\/v2\/pages\/69","targetHints":{"allow":["GET"]}}],"collection":[{"href":"http:\/\/www.cnc-reciklaza.eu\/index.php\/wp-json\/wp\/v2\/pages"}],"about":[{"href":"http:\/\/www.cnc-reciklaza.eu\/index.php\/wp-json\/wp\/v2\/types\/page"}],"author":[{"embeddable":true,"href":"http:\/\/www.cnc-reciklaza.eu\/index.php\/wp-json\/wp\/v2\/users\/1"}],"replies":[{"embeddable":true,"href":"http:\/\/www.cnc-reciklaza.eu\/index.php\/wp-json\/wp\/v2\/comments?post=69"}],"version-history":[{"count":0,"href":"http:\/\/www.cnc-reciklaza.eu\/index.php\/wp-json\/wp\/v2\/pages\/69\/revisions"}],"wp:attachment":[{"href":"http:\/\/www.cnc-reciklaza.eu\/index.php\/wp-json\/wp\/v2\/media?parent=69"}],"curies":[{"name":"wp","href":"https:\/\/api.w.org\/{rel}","templated":true}]}}