{"id":617,"date":"2025-10-05T17:16:21","date_gmt":"2025-10-05T17:16:21","guid":{"rendered":"http:\/\/www.cnc-reciklaza.eu\/?page_id=617"},"modified":"2025-10-07T17:15:31","modified_gmt":"2025-10-07T17:15:31","slug":"mlinipet","status":"publish","type":"page","link":"http:\/\/www.cnc-reciklaza.eu\/index.php\/mlinipet\/","title":{"rendered":"Mlini PET"},"content":{"rendered":"\n<div class=\"wp-block-cover alignfull\" style=\"min-height:156px;aspect-ratio:unset;\"><span aria-hidden=\"true\" class=\"wp-block-cover__background has-nv-site-bg-background-color has-background-dim-100 has-background-dim\"><\/span><div class=\"wp-block-cover__inner-container is-layout-flow wp-block-cover-is-layout-flow\">\n<div class=\"wp-block-group\"><div class=\"wp-block-group__inner-container is-layout-flow wp-block-group-is-layout-flow\">\n<h1 class=\"wp-block-heading has-text-align-left has-neve-text-color-color has-text-color\">Mlini za PET embala\u017eo<\/h1>\n<\/div><\/div>\n<\/div><\/div>\n\n\n\n<div class=\"wp-block-cover alignfull\"><span aria-hidden=\"true\" class=\"wp-block-cover__background has-nv-light-bg-background-color has-background-dim-100 has-background-dim\"><\/span><div class=\"wp-block-cover__inner-container is-layout-flow wp-block-cover-is-layout-flow\"><div class=\"wp-block-image\">\n<figure class=\"aligncenter size-full\"><img data-opt-id=2053857587  fetchpriority=\"high\" decoding=\"async\" width=\"1000\" height=\"386\" src=\"https:\/\/ml5wpwc5trql.i.optimole.com\/w:auto\/h:auto\/q:mauto\/ig:avif\/http:\/\/www.cnc-reciklaza.eu\/wp-content\/uploads\/2025\/10\/pet-bottle-recycling.webp\" alt=\"\" class=\"wp-image-618\" srcset=\"https:\/\/ml5wpwc5trql.i.optimole.com\/w:1000\/h:386\/q:mauto\/ig:avif\/http:\/\/www.cnc-reciklaza.eu\/wp-content\/uploads\/2025\/10\/pet-bottle-recycling.webp 1000w, https:\/\/ml5wpwc5trql.i.optimole.com\/w:300\/h:116\/q:mauto\/ig:avif\/http:\/\/www.cnc-reciklaza.eu\/wp-content\/uploads\/2025\/10\/pet-bottle-recycling.webp 300w, https:\/\/ml5wpwc5trql.i.optimole.com\/w:768\/h:296\/q:mauto\/ig:avif\/http:\/\/www.cnc-reciklaza.eu\/wp-content\/uploads\/2025\/10\/pet-bottle-recycling.webp 768w\" sizes=\"(max-width: 1000px) 100vw, 1000px\" \/><\/figure><\/div>\n\n\n<div style=\"height:6px\" aria-hidden=\"true\" class=\"wp-block-spacer\"><\/div>\n\n\n\n<div style=\"height:25px\" aria-hidden=\"true\" class=\"wp-block-spacer\"><\/div>\n\n\n\n<div class=\"wp-block-group\"><div class=\"wp-block-group__inner-container is-layout-flow wp-block-group-is-layout-flow\">\n<div class=\"wp-block-columns are-vertically-aligned-center is-layout-flex wp-container-core-columns-is-layout-9d6595d7 wp-block-columns-is-layout-flex\">\n<div class=\"wp-block-column is-layout-flow wp-block-column-is-layout-flow\"><div class=\"wp-block-image\">\n<figure class=\"aligncenter size-large is-resized\"><img data-opt-id=1513509700  fetchpriority=\"high\" decoding=\"async\" width=\"810\" height=\"1024\" src=\"https:\/\/ml5wpwc5trql.i.optimole.com\/w:810\/h:1024\/q:mauto\/ig:avif\/http:\/\/www.cnc-reciklaza.eu\/wp-content\/uploads\/2025\/10\/cropped-1-2.jpg\" alt=\"\" class=\"wp-image-619\" style=\"width:306px;height:auto\" srcset=\"https:\/\/ml5wpwc5trql.i.optimole.com\/w:810\/h:1024\/q:mauto\/ig:avif\/http:\/\/www.cnc-reciklaza.eu\/wp-content\/uploads\/2025\/10\/cropped-1-2.jpg 810w, https:\/\/ml5wpwc5trql.i.optimole.com\/w:237\/h:300\/q:mauto\/ig:avif\/http:\/\/www.cnc-reciklaza.eu\/wp-content\/uploads\/2025\/10\/cropped-1-2.jpg 237w, https:\/\/ml5wpwc5trql.i.optimole.com\/w:768\/h:971\/q:mauto\/ig:avif\/http:\/\/www.cnc-reciklaza.eu\/wp-content\/uploads\/2025\/10\/cropped-1-2.jpg 768w, https:\/\/ml5wpwc5trql.i.optimole.com\/w:853\/h:1080\/q:mauto\/ig:avif\/http:\/\/www.cnc-reciklaza.eu\/wp-content\/uploads\/2025\/10\/cropped-1-2.jpg 1214w, https:\/\/ml5wpwc5trql.i.optimole.com\/w:853\/h:1080\/q:mauto\/ig:avif\/http:\/\/www.cnc-reciklaza.eu\/wp-content\/uploads\/2025\/10\/cropped-1-2.jpg 1355w\" sizes=\"(max-width: 810px) 100vw, 810px\" \/><\/figure><\/div>\n\n<div class=\"wp-block-image\">\n<figure class=\"aligncenter size-large is-resized\"><img data-opt-id=1325305214  data-opt-src=\"https:\/\/ml5wpwc5trql.i.optimole.com\/w:1024\/h:864\/q:mauto\/ig:avif\/http:\/\/www.cnc-reciklaza.eu\/wp-content\/uploads\/2025\/10\/44a.jpg\"  decoding=\"async\" width=\"1024\" height=\"864\" src=\"data:image/svg+xml,%3Csvg%20viewBox%3D%220%200%201024%20864%22%20width%3D%221024%22%20height%3D%22864%22%20xmlns%3D%22http%3A%2F%2Fwww.w3.org%2F2000%2Fsvg%22%3E%3Crect%20width%3D%221024%22%20height%3D%22864%22%20fill%3D%22transparent%22%2F%3E%3C%2Fsvg%3E\" alt=\"\" class=\"wp-image-620\" style=\"width:308px;height:auto\" old-srcset=\"https:\/\/ml5wpwc5trql.i.optimole.com\/w:1024\/h:864\/q:mauto\/ig:avif\/http:\/\/www.cnc-reciklaza.eu\/wp-content\/uploads\/2025\/10\/44a.jpg 1024w, https:\/\/ml5wpwc5trql.i.optimole.com\/w:300\/h:253\/q:mauto\/ig:avif\/http:\/\/www.cnc-reciklaza.eu\/wp-content\/uploads\/2025\/10\/44a.jpg 300w, https:\/\/ml5wpwc5trql.i.optimole.com\/w:768\/h:648\/q:mauto\/ig:avif\/http:\/\/www.cnc-reciklaza.eu\/wp-content\/uploads\/2025\/10\/44a.jpg 768w, https:\/\/ml5wpwc5trql.i.optimole.com\/w:1280\/h:1080\/q:mauto\/ig:avif\/http:\/\/www.cnc-reciklaza.eu\/wp-content\/uploads\/2025\/10\/44a.jpg 1536w, https:\/\/ml5wpwc5trql.i.optimole.com\/w:1280\/h:1080\/q:mauto\/ig:avif\/http:\/\/www.cnc-reciklaza.eu\/wp-content\/uploads\/2025\/10\/44a.jpg 1696w\" \/><\/figure><\/div><\/div>\n\n\n\n<div class=\"wp-block-column is-layout-flow wp-block-column-is-layout-flow\">\n<p class=\"has-text-align-left has-neve-text-color-color has-text-color has-link-color wp-elements-aab5bcb5436f8b6a9192804fbee335f2\">NOVO! Brez napora in umazanije lahko zmeljete veliko koli\u010dino PET plastenk v zelo kratkem \u010dasu. Izbirate lahko razli\u010dne mo\u010di in tipe motorjev<\/p>\n\n\n\n<p class=\"has-neve-text-color-color has-text-color has-link-color wp-elements-cb68909ae3865ae4ef8f38c09b20235e\"><strong>Tehni\u010dni podatki:<\/strong><br>oznaka modela <strong>PET-300-R (220V)<\/strong><br>Priklju\u010dna mo\u010d 2,2 kw<br>Elektri\u010dni priklju\u010dek 220V 50Hz<br>Dimenzije naprave &#8211; mm 1500 x 600 x 900<br>Te\u017ea naprave &#8211; 58 kg <br>Hitrost mletja &#8211; cca 8-10 m<sup>3<\/sup>\/h <br>Cena 1 tone mlete PET embala\u017ee se giblje od 1700 &#8211; 2500 EUR.<\/p>\n\n\n\n<p class=\"has-neve-text-color-color has-text-color has-link-color wp-elements-286f20604ae378228fbfda9298635f28\">Na\u0161i mlini imajo ve\u010d mednarodnih priznanj in CE certifikat.<br>Zaradi majne te\u017ee so primerni za prevoz po razli\u010dnih lokacijah.<br>Hitra in enostavna zamenjava no\u017eev, ki so izdelani iz specialnih kovin. Dolga \u017eivljenska doba no\u017eev.<br>Zagotovljen servis. Lastna proizvodnja, kar omogo\u010da hitro zamenjavo delov v primeru okvare.<\/p>\n\n\n\n<div class=\"wp-block-buttons is-horizontal is-content-justification-center is-layout-flex wp-container-core-buttons-is-layout-499968f5 wp-block-buttons-is-layout-flex\">\n<div class=\"wp-block-button is-style-primary\"><a class=\"wp-block-button__link wp-element-button\" href=\"http:\/\/www.cnc-reciklaza.eu\/index.php\/kontakt\/\">Po\u0161lji povpra\u0161evanje<\/a><\/div>\n<\/div>\n<\/div>\n<\/div>\n<\/div><\/div>\n<\/div><\/div>\n\n\n\n<div class=\"wp-block-cover alignfull\" style=\"min-height:118px;aspect-ratio:unset;\"><span aria-hidden=\"true\" class=\"wp-block-cover__background has-nv-dark-bg-background-color has-background-dim-100 has-background-dim\"><\/span><div class=\"wp-block-cover__inner-container is-layout-flow wp-block-cover-is-layout-flow\">\n<p class=\"has-text-align-center has-nv-text-dark-bg-color has-text-color\"><\/p>\n<\/div><\/div>\n","protected":false},"excerpt":{"rendered":"","protected":false},"author":1,"featured_media":0,"parent":0,"menu_order":0,"comment_status":"closed","ping_status":"closed","template":"","meta":{"neve_meta_sidebar":"full-width","neve_meta_container":"","neve_meta_enable_content_width":"on","neve_meta_content_width":100,"neve_meta_title_alignment":"","neve_meta_author_avatar":"","neve_post_elements_order":"","neve_meta_disable_header":"","neve_meta_disable_footer":"","neve_meta_disable_title":"on","_themeisle_gutenberg_block_has_review":false,"footnotes":""},"class_list":["post-617","page","type-page","status-publish","hentry"],"yoast_head":"<!-- This site is optimized with the Yoast SEO plugin v26.1.1 - https:\/\/yoast.com\/wordpress\/plugins\/seo\/ -->\n<title>Mlini PET - CNC rezalniki na vro\u010do \u017eico in stroji za mletje stiroporja in PET plastenk<\/title>\n<meta name=\"robots\" content=\"index, follow, max-snippet:-1, max-image-preview:large, max-video-preview:-1\" \/>\n<link rel=\"canonical\" href=\"http:\/\/www.cnc-reciklaza.eu\/index.php\/mlinipet\/\" \/>\n<meta property=\"og:locale\" content=\"en_US\" \/>\n<meta property=\"og:type\" content=\"article\" \/>\n<meta property=\"og:title\" content=\"Mlini PET - CNC rezalniki na vro\u010do \u017eico in stroji za mletje stiroporja in PET plastenk\" \/>\n<meta property=\"og:url\" content=\"http:\/\/www.cnc-reciklaza.eu\/index.php\/mlinipet\/\" \/>\n<meta property=\"og:site_name\" content=\"CNC rezalniki na vro\u010do \u017eico in stroji za mletje stiroporja in PET plastenk\" \/>\n<meta property=\"article:publisher\" content=\"https:\/\/www.facebook.com\/Cncrezalnikizastiropor\" \/>\n<meta property=\"article:modified_time\" content=\"2025-10-07T17:15:31+00:00\" \/>\n<meta property=\"og:image\" content=\"https:\/\/ml5wpwc5trql.i.optimole.com\/w:auto\/h:auto\/q:mauto\/ig:avif\/http:\/\/www.cnc-reciklaza.eu\/wp-content\/uploads\/2025\/10\/pet-bottle-recycling.webp\" \/>\n<meta name=\"twitter:card\" content=\"summary_large_image\" \/>\n<meta name=\"twitter:label1\" content=\"Est. reading time\" \/>\n\t<meta name=\"twitter:data1\" content=\"1 minute\" \/>\n<script type=\"application\/ld+json\" class=\"yoast-schema-graph\">{\"@context\":\"https:\/\/schema.org\",\"@graph\":[{\"@type\":\"WebPage\",\"@id\":\"http:\/\/www.cnc-reciklaza.eu\/index.php\/mlinipet\/\",\"url\":\"http:\/\/www.cnc-reciklaza.eu\/index.php\/mlinipet\/\",\"name\":\"Mlini PET - CNC rezalniki na vro\u010do \u017eico in stroji za mletje stiroporja in PET plastenk\",\"isPartOf\":{\"@id\":\"https:\/\/www.cnc-reciklaza.eu\/#website\"},\"primaryImageOfPage\":{\"@id\":\"http:\/\/www.cnc-reciklaza.eu\/index.php\/mlinipet\/#primaryimage\"},\"image\":{\"@id\":\"http:\/\/www.cnc-reciklaza.eu\/index.php\/mlinipet\/#primaryimage\"},\"thumbnailUrl\":\"https:\/\/ml5wpwc5trql.i.optimole.com\/w:auto\/h:auto\/q:mauto\/ig:avif\/http:\/\/www.cnc-reciklaza.eu\/wp-content\/uploads\/2025\/10\/pet-bottle-recycling.webp\",\"datePublished\":\"2025-10-05T17:16:21+00:00\",\"dateModified\":\"2025-10-07T17:15:31+00:00\",\"breadcrumb\":{\"@id\":\"http:\/\/www.cnc-reciklaza.eu\/index.php\/mlinipet\/#breadcrumb\"},\"inLanguage\":\"en\",\"potentialAction\":[{\"@type\":\"ReadAction\",\"target\":[\"http:\/\/www.cnc-reciklaza.eu\/index.php\/mlinipet\/\"]}]},{\"@type\":\"ImageObject\",\"inLanguage\":\"en\",\"@id\":\"http:\/\/www.cnc-reciklaza.eu\/index.php\/mlinipet\/#primaryimage\",\"url\":\"https:\/\/ml5wpwc5trql.i.optimole.com\/w:auto\/h:auto\/q:mauto\/ig:avif\/http:\/\/www.cnc-reciklaza.eu\/wp-content\/uploads\/2025\/10\/pet-bottle-recycling.webp\",\"contentUrl\":\"https:\/\/ml5wpwc5trql.i.optimole.com\/w:auto\/h:auto\/q:mauto\/ig:avif\/http:\/\/www.cnc-reciklaza.eu\/wp-content\/uploads\/2025\/10\/pet-bottle-recycling.webp\",\"width\":1000,\"height\":386},{\"@type\":\"BreadcrumbList\",\"@id\":\"http:\/\/www.cnc-reciklaza.eu\/index.php\/mlinipet\/#breadcrumb\",\"itemListElement\":[{\"@type\":\"ListItem\",\"position\":1,\"name\":\"Home\",\"item\":\"https:\/\/www.cnc-reciklaza.eu\/\"},{\"@type\":\"ListItem\",\"position\":2,\"name\":\"Mlini PET\"}]},{\"@type\":\"WebSite\",\"@id\":\"https:\/\/www.cnc-reciklaza.eu\/#website\",\"url\":\"https:\/\/www.cnc-reciklaza.eu\/\",\"name\":\"CNC rezalniki na vro\u010do \u017eico in stroji za mletje stiroporja in PET plastenk\",\"description\":\"CNC rezalniki na vro\u010do \u017eico in stroji za mletje stiroporja in PET plastenk\",\"publisher\":{\"@id\":\"https:\/\/www.cnc-reciklaza.eu\/#organization\"},\"potentialAction\":[{\"@type\":\"SearchAction\",\"target\":{\"@type\":\"EntryPoint\",\"urlTemplate\":\"https:\/\/www.cnc-reciklaza.eu\/?s={search_term_string}\"},\"query-input\":{\"@type\":\"PropertyValueSpecification\",\"valueRequired\":true,\"valueName\":\"search_term_string\"}}],\"inLanguage\":\"en\"},{\"@type\":\"Organization\",\"@id\":\"https:\/\/www.cnc-reciklaza.eu\/#organization\",\"name\":\"CNC rezalniki na vro\u010do \u017eico in stroji za mletje stiroporja in PET plastenk\",\"url\":\"https:\/\/www.cnc-reciklaza.eu\/\",\"logo\":{\"@type\":\"ImageObject\",\"inLanguage\":\"en\",\"@id\":\"https:\/\/www.cnc-reciklaza.eu\/#\/schema\/logo\/image\/\",\"url\":\"https:\/\/ml5wpwc5trql.i.optimole.com\/w:auto\/h:auto\/q:mauto\/ig:avif\/http:\/\/www.cnc-reciklaza.eu\/wp-content\/uploads\/2025\/09\/logo_reciklaza.png\",\"contentUrl\":\"https:\/\/ml5wpwc5trql.i.optimole.com\/w:auto\/h:auto\/q:mauto\/ig:avif\/http:\/\/www.cnc-reciklaza.eu\/wp-content\/uploads\/2025\/09\/logo_reciklaza.png\",\"width\":574,\"height\":202,\"caption\":\"CNC rezalniki na vro\u010do \u017eico in stroji za mletje stiroporja in PET plastenk\"},\"image\":{\"@id\":\"https:\/\/www.cnc-reciklaza.eu\/#\/schema\/logo\/image\/\"},\"sameAs\":[\"https:\/\/www.facebook.com\/Cncrezalnikizastiropor\"]}]}<\/script>\n<!-- \/ Yoast SEO plugin. -->","yoast_head_json":{"title":"Mlini PET - CNC rezalniki na vro\u010do \u017eico in stroji za mletje stiroporja in PET plastenk","robots":{"index":"index","follow":"follow","max-snippet":"max-snippet:-1","max-image-preview":"max-image-preview:large","max-video-preview":"max-video-preview:-1"},"canonical":"http:\/\/www.cnc-reciklaza.eu\/index.php\/mlinipet\/","og_locale":"en_US","og_type":"article","og_title":"Mlini PET - CNC rezalniki na vro\u010do \u017eico in stroji za mletje stiroporja in PET plastenk","og_url":"http:\/\/www.cnc-reciklaza.eu\/index.php\/mlinipet\/","og_site_name":"CNC rezalniki na vro\u010do \u017eico in stroji za mletje stiroporja in PET plastenk","article_publisher":"https:\/\/www.facebook.com\/Cncrezalnikizastiropor","article_modified_time":"2025-10-07T17:15:31+00:00","og_image":[{"url":"https:\/\/ml5wpwc5trql.i.optimole.com\/w:auto\/h:auto\/q:mauto\/ig:avif\/http:\/\/www.cnc-reciklaza.eu\/wp-content\/uploads\/2025\/10\/pet-bottle-recycling.webp","type":"","width":"","height":""}],"twitter_card":"summary_large_image","twitter_misc":{"Est. reading time":"1 minute"},"schema":{"@context":"https:\/\/schema.org","@graph":[{"@type":"WebPage","@id":"http:\/\/www.cnc-reciklaza.eu\/index.php\/mlinipet\/","url":"http:\/\/www.cnc-reciklaza.eu\/index.php\/mlinipet\/","name":"Mlini PET - CNC rezalniki na vro\u010do \u017eico in stroji za mletje stiroporja in PET plastenk","isPartOf":{"@id":"https:\/\/www.cnc-reciklaza.eu\/#website"},"primaryImageOfPage":{"@id":"http:\/\/www.cnc-reciklaza.eu\/index.php\/mlinipet\/#primaryimage"},"image":{"@id":"http:\/\/www.cnc-reciklaza.eu\/index.php\/mlinipet\/#primaryimage"},"thumbnailUrl":"https:\/\/ml5wpwc5trql.i.optimole.com\/w:auto\/h:auto\/q:mauto\/ig:avif\/http:\/\/www.cnc-reciklaza.eu\/wp-content\/uploads\/2025\/10\/pet-bottle-recycling.webp","datePublished":"2025-10-05T17:16:21+00:00","dateModified":"2025-10-07T17:15:31+00:00","breadcrumb":{"@id":"http:\/\/www.cnc-reciklaza.eu\/index.php\/mlinipet\/#breadcrumb"},"inLanguage":"en","potentialAction":[{"@type":"ReadAction","target":["http:\/\/www.cnc-reciklaza.eu\/index.php\/mlinipet\/"]}]},{"@type":"ImageObject","inLanguage":"en","@id":"http:\/\/www.cnc-reciklaza.eu\/index.php\/mlinipet\/#primaryimage","url":"https:\/\/ml5wpwc5trql.i.optimole.com\/w:auto\/h:auto\/q:mauto\/ig:avif\/http:\/\/www.cnc-reciklaza.eu\/wp-content\/uploads\/2025\/10\/pet-bottle-recycling.webp","contentUrl":"https:\/\/ml5wpwc5trql.i.optimole.com\/w:auto\/h:auto\/q:mauto\/ig:avif\/http:\/\/www.cnc-reciklaza.eu\/wp-content\/uploads\/2025\/10\/pet-bottle-recycling.webp","width":1000,"height":386},{"@type":"BreadcrumbList","@id":"http:\/\/www.cnc-reciklaza.eu\/index.php\/mlinipet\/#breadcrumb","itemListElement":[{"@type":"ListItem","position":1,"name":"Home","item":"https:\/\/www.cnc-reciklaza.eu\/"},{"@type":"ListItem","position":2,"name":"Mlini PET"}]},{"@type":"WebSite","@id":"https:\/\/www.cnc-reciklaza.eu\/#website","url":"https:\/\/www.cnc-reciklaza.eu\/","name":"CNC rezalniki na vro\u010do \u017eico in stroji za mletje stiroporja in PET plastenk","description":"CNC rezalniki na vro\u010do \u017eico in stroji za mletje stiroporja in PET plastenk","publisher":{"@id":"https:\/\/www.cnc-reciklaza.eu\/#organization"},"potentialAction":[{"@type":"SearchAction","target":{"@type":"EntryPoint","urlTemplate":"https:\/\/www.cnc-reciklaza.eu\/?s={search_term_string}"},"query-input":{"@type":"PropertyValueSpecification","valueRequired":true,"valueName":"search_term_string"}}],"inLanguage":"en"},{"@type":"Organization","@id":"https:\/\/www.cnc-reciklaza.eu\/#organization","name":"CNC rezalniki na vro\u010do \u017eico in stroji za mletje stiroporja in PET plastenk","url":"https:\/\/www.cnc-reciklaza.eu\/","logo":{"@type":"ImageObject","inLanguage":"en","@id":"https:\/\/www.cnc-reciklaza.eu\/#\/schema\/logo\/image\/","url":"https:\/\/ml5wpwc5trql.i.optimole.com\/w:auto\/h:auto\/q:mauto\/ig:avif\/http:\/\/www.cnc-reciklaza.eu\/wp-content\/uploads\/2025\/09\/logo_reciklaza.png","contentUrl":"https:\/\/ml5wpwc5trql.i.optimole.com\/w:auto\/h:auto\/q:mauto\/ig:avif\/http:\/\/www.cnc-reciklaza.eu\/wp-content\/uploads\/2025\/09\/logo_reciklaza.png","width":574,"height":202,"caption":"CNC rezalniki na vro\u010do \u017eico in stroji za mletje stiroporja in PET plastenk"},"image":{"@id":"https:\/\/www.cnc-reciklaza.eu\/#\/schema\/logo\/image\/"},"sameAs":["https:\/\/www.facebook.com\/Cncrezalnikizastiropor"]}]}},"_links":{"self":[{"href":"http:\/\/www.cnc-reciklaza.eu\/index.php\/wp-json\/wp\/v2\/pages\/617","targetHints":{"allow":["GET"]}}],"collection":[{"href":"http:\/\/www.cnc-reciklaza.eu\/index.php\/wp-json\/wp\/v2\/pages"}],"about":[{"href":"http:\/\/www.cnc-reciklaza.eu\/index.php\/wp-json\/wp\/v2\/types\/page"}],"author":[{"embeddable":true,"href":"http:\/\/www.cnc-reciklaza.eu\/index.php\/wp-json\/wp\/v2\/users\/1"}],"replies":[{"embeddable":true,"href":"http:\/\/www.cnc-reciklaza.eu\/index.php\/wp-json\/wp\/v2\/comments?post=617"}],"version-history":[{"count":0,"href":"http:\/\/www.cnc-reciklaza.eu\/index.php\/wp-json\/wp\/v2\/pages\/617\/revisions"}],"wp:attachment":[{"href":"http:\/\/www.cnc-reciklaza.eu\/index.php\/wp-json\/wp\/v2\/media?parent=617"}],"curies":[{"name":"wp","href":"https:\/\/api.w.org\/{rel}","templated":true}]}}